{"id":1433,"date":"2018-01-04T10:42:25","date_gmt":"2018-01-04T09:42:25","guid":{"rendered":"https:\/\/www.laboutique-artouste.fr\/mentions-legales\/"},"modified":"2018-01-04T10:55:58","modified_gmt":"2018-01-04T09:55:58","slug":"mentions-legales","status":"publish","type":"page","link":"https:\/\/www.laboutique-artouste.fr\/es\/mentions-legales\/","title":{"rendered":"Mentions l\u00e9gales"},"content":{"rendered":"<div class=\"wpb-content-wrapper\"><p>[vc_row][vc_column el_class=\u00bb.lignecontact\u00bb]<div id=\"sc_services_1588905955_wrap\" class=\"sc_services_wrap\"><div id=\"sc_services_1588905955\" class=\"sc_services sc_services_style_services-3 sc_services_type_icons  margin_top_null margin_bottom_small\" style=\"width:100%;\"><div class=\"sc_columns columns_wrap\"><div class=\"column-1_3 column_padding_bottom\">\t\t\t<div id=\"sc_services_1588905955_1\"\t\t\t\tclass=\"sc_services_item sc_services_item_1 odd first\"\n\t\t\t\t>\n\t\t\t\t<span class=\"sc_icon none\"><\/span>\t\t\t\t<div class=\"sc_services_item_content\">\n\t\t\t\t\t\n\t\t\t\t\t<h4 class=\"sc_services_item_title\">EDITEUR DU SITE<\/h4>\n\t\t\t\t\t<div class=\"sc_services_item_description\">\n\t\t\t\t\t\t<p>[vc_column_text]Andreu Sports<br \/>\nResponsable editorial : Cyril Mounier<br \/>\nImmeuble le Fario &#8211; Artouste Fabr\u00e8ges<br \/>\n64440 Laruns<br \/>\nT\u00e9l\u00e9phone : 05 59 05 42 18<br \/>\nEmail : info@laboutique-artouste.fr<br \/>\nSite Web :\u00a0<a href=\"https:\/\/www.laboutique-artouste.fr\">www.laboutique-artouste.fr<\/a>[\/vc_column_text]<\/p>\t\t\t\t\t<\/div>\n\t\t\t\t<\/div>\n\t\t\t<\/div>\n\t\t<\/div><div class=\"column-1_3 column_padding_bottom\">\t\t\t<div id=\"sc_services_1588905955_2\"\t\t\t\tclass=\"sc_services_item sc_services_item_2 even\"\n\t\t\t\t>\n\t\t\t\t<span class=\"sc_icon none\"><\/span>\t\t\t\t<div class=\"sc_services_item_content\">\n\t\t\t\t\t\n\t\t\t\t\t<h4 class=\"sc_services_item_title\">H\u00e9bergement<\/h4>\n\t\t\t\t\t<div class=\"sc_services_item_description\">\n\t\t\t\t\t\t<p>[vc_column_text]H\u00e9bergeur : OVH<br \/>\n2 rue Kellermann \u2013 59100 Roubaix<br \/>\nSite Web :\u00a0<a href=\"http:\/\/www.ovh.net\/\">www.ovh.net<\/a>[\/vc_column_text]<\/p>\t\t\t\t\t<\/div>\n\t\t\t\t<\/div>\n\t\t\t<\/div>\n\t\t<\/div><div class=\"column-1_3 column_padding_bottom\">\t\t\t<div id=\"sc_services_1588905955_3\"\t\t\t\tclass=\"sc_services_item sc_services_item_3 odd\"\n\t\t\t\t>\n\t\t\t\t<span class=\"sc_icon none\"><\/span>\t\t\t\t<div class=\"sc_services_item_content\">\n\t\t\t\t\t\n\t\t\t\t\t<h4 class=\"sc_services_item_title\">D\u00e9veloppement<\/h4>\n\t\t\t\t\t<div class=\"sc_services_item_description\">\n\t\t\t\t\t\t<p>[vc_column_text]Nicolas LAFAY \u2013 Webmaster Freelance<br \/>\nAdresse : 5 rue L\u00e9gouv\u00e9s 42600 MONTBRISON<br \/>\n06 88 06 63 37[\/vc_column_text]<\/p>\t\t\t\t\t<\/div>\n\t\t\t\t<\/div>\n\t\t\t<\/div>\n\t\t<\/div><\/div><\/div><!-- \/.sc_services --><\/div><!-- \/.sc_services_wrap -->[\/vc_column][\/vc_row]<\/p>\n<\/div>","protected":false},"excerpt":{"rendered":"<p>[vc_row][vc_column el_class=\u00bb.lignecontact\u00bb][\/vc_column][\/vc_row]<\/p>\n","protected":false},"author":1,"featured_media":0,"parent":0,"menu_order":0,"comment_status":"closed","ping_status":"closed","template":"","meta":{"footnotes":""},"class_list":["post-1433","page","type-page","status-publish","hentry"],"yoast_head":"<!-- This site is optimized with the Yoast SEO plugin v26.8 - https:\/\/yoast.com\/product\/yoast-seo-wordpress\/ -->\n<title>Mentions l\u00e9gales | La Boutique - Artouste<\/title>\n<meta name=\"description\" content=\"Contactez nous pour r\u00e9server votre mat\u00e9riel de ski et snowboard ou pour toutes autres informations sur notre magasin de sport situ\u00e9 au pied des pistes.\" \/>\n<meta name=\"robots\" content=\"index, follow, max-snippet:-1, max-image-preview:large, max-video-preview:-1\" \/>\n<link rel=\"canonical\" href=\"https:\/\/www.laboutique-artouste.fr\/es\/mentions-legales\/\" \/>\n<meta property=\"og:locale\" content=\"es_ES\" \/>\n<meta property=\"og:type\" content=\"article\" \/>\n<meta property=\"og:title\" content=\"Mentions l\u00e9gales | La Boutique - Artouste\" \/>\n<meta property=\"og:description\" content=\"Contactez nous pour r\u00e9server votre mat\u00e9riel de ski et snowboard ou pour toutes autres informations sur notre magasin de sport situ\u00e9 au pied des pistes.\" \/>\n<meta property=\"og:url\" content=\"https:\/\/www.laboutique-artouste.fr\/es\/mentions-legales\/\" \/>\n<meta property=\"og:site_name\" content=\"La Boutique Artouste\" \/>\n<meta property=\"article:modified_time\" content=\"2018-01-04T09:55:58+00:00\" \/>\n<meta name=\"twitter:card\" content=\"summary_large_image\" \/>\n<meta name=\"twitter:label1\" content=\"Tiempo de lectura\" \/>\n\t<meta name=\"twitter:data1\" content=\"1 minuto\" \/>\n<script type=\"application\/ld+json\" class=\"yoast-schema-graph\">{\"@context\":\"https:\/\/schema.org\",\"@graph\":[{\"@type\":\"WebPage\",\"@id\":\"https:\/\/www.laboutique-artouste.fr\/es\/mentions-legales\/\",\"url\":\"https:\/\/www.laboutique-artouste.fr\/es\/mentions-legales\/\",\"name\":\"Mentions l\u00e9gales | La Boutique - Artouste\",\"isPartOf\":{\"@id\":\"https:\/\/www.laboutique-artouste.fr\/#website\"},\"datePublished\":\"2018-01-04T09:42:25+00:00\",\"dateModified\":\"2018-01-04T09:55:58+00:00\",\"description\":\"Contactez nous pour r\u00e9server votre mat\u00e9riel de ski et snowboard ou pour toutes autres informations sur notre magasin de sport situ\u00e9 au pied des pistes.\",\"breadcrumb\":{\"@id\":\"https:\/\/www.laboutique-artouste.fr\/es\/mentions-legales\/#breadcrumb\"},\"inLanguage\":\"es\",\"potentialAction\":[{\"@type\":\"ReadAction\",\"target\":[\"https:\/\/www.laboutique-artouste.fr\/es\/mentions-legales\/\"]}]},{\"@type\":\"BreadcrumbList\",\"@id\":\"https:\/\/www.laboutique-artouste.fr\/es\/mentions-legales\/#breadcrumb\",\"itemListElement\":[{\"@type\":\"ListItem\",\"position\":1,\"name\":\"Accueil\",\"item\":\"https:\/\/www.laboutique-artouste.fr\/es\/\"},{\"@type\":\"ListItem\",\"position\":2,\"name\":\"Mentions l\u00e9gales\"}]},{\"@type\":\"WebSite\",\"@id\":\"https:\/\/www.laboutique-artouste.fr\/#website\",\"url\":\"https:\/\/www.laboutique-artouste.fr\/\",\"name\":\"La Boutique Artouste\",\"description\":\"\",\"potentialAction\":[{\"@type\":\"SearchAction\",\"target\":{\"@type\":\"EntryPoint\",\"urlTemplate\":\"https:\/\/www.laboutique-artouste.fr\/?s={search_term_string}\"},\"query-input\":{\"@type\":\"PropertyValueSpecification\",\"valueRequired\":true,\"valueName\":\"search_term_string\"}}],\"inLanguage\":\"es\"}]}<\/script>\n<!-- \/ Yoast SEO plugin. -->","yoast_head_json":{"title":"Mentions l\u00e9gales | La Boutique - Artouste","description":"Contactez nous pour r\u00e9server votre mat\u00e9riel de ski et snowboard ou pour toutes autres informations sur notre magasin de sport situ\u00e9 au pied des pistes.","robots":{"index":"index","follow":"follow","max-snippet":"max-snippet:-1","max-image-preview":"max-image-preview:large","max-video-preview":"max-video-preview:-1"},"canonical":"https:\/\/www.laboutique-artouste.fr\/es\/mentions-legales\/","og_locale":"es_ES","og_type":"article","og_title":"Mentions l\u00e9gales | La Boutique - Artouste","og_description":"Contactez nous pour r\u00e9server votre mat\u00e9riel de ski et snowboard ou pour toutes autres informations sur notre magasin de sport situ\u00e9 au pied des pistes.","og_url":"https:\/\/www.laboutique-artouste.fr\/es\/mentions-legales\/","og_site_name":"La Boutique Artouste","article_modified_time":"2018-01-04T09:55:58+00:00","twitter_card":"summary_large_image","twitter_misc":{"Tiempo de lectura":"1 minuto"},"schema":{"@context":"https:\/\/schema.org","@graph":[{"@type":"WebPage","@id":"https:\/\/www.laboutique-artouste.fr\/es\/mentions-legales\/","url":"https:\/\/www.laboutique-artouste.fr\/es\/mentions-legales\/","name":"Mentions l\u00e9gales | La Boutique - Artouste","isPartOf":{"@id":"https:\/\/www.laboutique-artouste.fr\/#website"},"datePublished":"2018-01-04T09:42:25+00:00","dateModified":"2018-01-04T09:55:58+00:00","description":"Contactez nous pour r\u00e9server votre mat\u00e9riel de ski et snowboard ou pour toutes autres informations sur notre magasin de sport situ\u00e9 au pied des pistes.","breadcrumb":{"@id":"https:\/\/www.laboutique-artouste.fr\/es\/mentions-legales\/#breadcrumb"},"inLanguage":"es","potentialAction":[{"@type":"ReadAction","target":["https:\/\/www.laboutique-artouste.fr\/es\/mentions-legales\/"]}]},{"@type":"BreadcrumbList","@id":"https:\/\/www.laboutique-artouste.fr\/es\/mentions-legales\/#breadcrumb","itemListElement":[{"@type":"ListItem","position":1,"name":"Accueil","item":"https:\/\/www.laboutique-artouste.fr\/es\/"},{"@type":"ListItem","position":2,"name":"Mentions l\u00e9gales"}]},{"@type":"WebSite","@id":"https:\/\/www.laboutique-artouste.fr\/#website","url":"https:\/\/www.laboutique-artouste.fr\/","name":"La Boutique Artouste","description":"","potentialAction":[{"@type":"SearchAction","target":{"@type":"EntryPoint","urlTemplate":"https:\/\/www.laboutique-artouste.fr\/?s={search_term_string}"},"query-input":{"@type":"PropertyValueSpecification","valueRequired":true,"valueName":"search_term_string"}}],"inLanguage":"es"}]}},"_links":{"self":[{"href":"https:\/\/www.laboutique-artouste.fr\/es\/wp-json\/wp\/v2\/pages\/1433","targetHints":{"allow":["GET"]}}],"collection":[{"href":"https:\/\/www.laboutique-artouste.fr\/es\/wp-json\/wp\/v2\/pages"}],"about":[{"href":"https:\/\/www.laboutique-artouste.fr\/es\/wp-json\/wp\/v2\/types\/page"}],"author":[{"embeddable":true,"href":"https:\/\/www.laboutique-artouste.fr\/es\/wp-json\/wp\/v2\/users\/1"}],"replies":[{"embeddable":true,"href":"https:\/\/www.laboutique-artouste.fr\/es\/wp-json\/wp\/v2\/comments?post=1433"}],"version-history":[{"count":1,"href":"https:\/\/www.laboutique-artouste.fr\/es\/wp-json\/wp\/v2\/pages\/1433\/revisions"}],"predecessor-version":[{"id":1434,"href":"https:\/\/www.laboutique-artouste.fr\/es\/wp-json\/wp\/v2\/pages\/1433\/revisions\/1434"}],"wp:attachment":[{"href":"https:\/\/www.laboutique-artouste.fr\/es\/wp-json\/wp\/v2\/media?parent=1433"}],"curies":[{"name":"wp","href":"https:\/\/api.w.org\/{rel}","templated":true}]}}